{"id":1041,"date":"2026-02-09T11:54:40","date_gmt":"2026-02-09T10:54:40","guid":{"rendered":"https:\/\/skirentalresorts.org\/informativa-sulla-privacy\/"},"modified":"2026-04-03T11:32:05","modified_gmt":"2026-04-03T09:32:05","slug":"informativa-sulla-privacy","status":"publish","type":"page","link":"https:\/\/skirentalresorts.org\/it\/informativa-sulla-privacy\/","title":{"rendered":"Informativa sulla privacy"},"content":{"rendered":"<div class=\"fusion-fullwidth fullwidth-box fusion-builder-row-1 fusion-flex-container has-pattern-background has-mask-background nonhundred-percent-fullwidth non-hundred-percent-height-scrolling\" style=\"--awb-border-radius-top-left:0px;--awb-border-radius-top-right:0px;--awb-border-radius-bottom-right:0px;--awb-border-radius-bottom-left:0px;--awb-padding-top:0px;--awb-padding-right:0px;--awb-padding-bottom:0px;--awb-padding-left:0px;--awb-margin-top:0px;--awb-margin-bottom:0px;--awb-background-image:linear-gradient(180deg, #7adefb 0%,rgba(190,148,248,0.5) 100%);--awb-flex-wrap:wrap;\" ><div class=\"fusion-builder-row fusion-row fusion-flex-align-items-flex-start fusion-flex-content-wrap\" style=\"max-width:1664px;margin-left: calc(-4% \/ 2 );margin-right: calc(-4% \/ 2 );\"><div class=\"fusion-layout-column fusion_builder_column fusion-builder-column-0 fusion_builder_column_2_3 2_3 fusion-flex-column\" style=\"--awb-bg-size:cover;--awb-width-large:66.666666666667%;--awb-margin-top-large:0px;--awb-spacing-right-large:2.88%;--awb-margin-bottom-large:0px;--awb-spacing-left-large:2.88%;--awb-width-medium:66.666666666667%;--awb-spacing-right-medium:2.88%;--awb-spacing-left-medium:2.88%;--awb-width-small:100%;--awb-spacing-right-small:1.92%;--awb-spacing-left-small:1.92%;\"><div class=\"fusion-column-wrapper fusion-flex-justify-content-flex-start fusion-content-layout-column\"><div class=\"fusion-text fusion-text-1\"><h3>Informativa sulla privacy<\/h3>\n<p>I gestori di queste pagine prendono molto seriamente la protezione dei tuoi dati personali. Trattiamo i tuoi dati personali in modo riservato e in conformit\u00e0 con le disposizioni di legge sulla protezione dei dati e con la presente informativa sulla privacy.<\/p>\n<p>L&#8217;uso del nostro sito web \u00e8 generalmente possibile senza fornire dati personali. Qualora sulle nostre pagine vengano raccolti dati personali (ad esempio nome, indirizzo o indirizzi e-mail), ci\u00f2 avviene, per quanto possibile, sempre su base volontaria. Questi dati non saranno trasmessi a terzi senza il tuo esplicito consenso.<\/p>\n<p>Desideriamo sottolineare che la trasmissione di dati su Internet (ad esempio la comunicazione via e-mail) pu\u00f2 presentare lacune di sicurezza. Una protezione completa dei dati contro l&#8217;accesso da parte di terzi non \u00e8 possibile.<\/p>\n<h3>Cookies<\/h3>\n<p>Le pagine Internet utilizzano in parte i cosiddetti cookie. I cookie non danneggiano il tuo computer e non contengono virus. I cookie servono a rendere la nostra offerta pi\u00f9 facile da usare, efficace e sicura. I cookie sono piccoli file di testo che vengono memorizzati sul tuo computer e salvati dal tuo browser.<\/p>\n<p>La maggior parte dei cookie da noi utilizzati sono i cosiddetti &#8220;cookie di sessione&#8221;. Vengono cancellati automaticamente al termine della tua visita. Altri cookie rimangono memorizzati sul tuo dispositivo fino a quando non li cancelli. Questi cookie ci consentono di riconoscere il tuo browser alla tua visita successiva.<\/p>\n<p>Puoi impostare il tuo browser in modo da essere informato sull&#8217;impostazione dei cookie e consentire i cookie solo in singoli casi, escludere l&#8217;accettazione dei cookie per determinati casi o in generale, e attivare la cancellazione automatica dei cookie alla chiusura del browser. In caso di disattivazione dei cookie, la funzionalit\u00e0 di questo sito web potrebbe essere limitata.<\/p>\n<h3>File di log del server<\/h3>\n<p>Il provider delle pagine raccoglie e memorizza automaticamente le informazioni in cosiddetti file di log del server, che il tuo browser ci trasmette automaticamente. Questi sono:<\/p>\n<p>Tipo di browser e versione del browser<br \/>\nSistema operativo utilizzato<br \/>\nURL del referente (Referrer URL)<br \/>\nNome host del computer che effettua l&#8217;accesso<br \/>\nOrario della richiesta al server<\/p>\n<p>Questi dati non sono attribuibili a persone specifiche. Non viene effettuata una combinazione di questi dati con altre fonti di dati. Ci riserviamo il diritto di controllare questi dati a posteriori nel caso in cui venissimo a conoscenza di indicazioni concrete di uso illecito.<\/p>\n<h3>Modulo di contatto<\/h3>\n<p>Se ci invii richieste tramite il modulo di contatto, i tuoi dati inseriti nel modulo di richiesta, compresi i dati di contatto ivi forniti, saranno da noi memorizzati per lo scopo di elaborare la richiesta e in caso di domande successive. Non trasmettiamo questi dati senza il tuo consenso.<\/p>\n<p>Se desideri ricevere la newsletter offerta sul sito web, abbiamo bisogno di un tuo indirizzo e-mail e di informazioni che ci consentano di verificare che tu sia il proprietario dell&#8217;indirizzo e-mail fornito e che tu sia d&#8217;accordo nel ricevere la newsletter. Non vengono raccolti altri dati. Utilizziamo questi dati esclusivamente per l&#8217;invio delle informazioni richieste e non li trasmettiamo a terzi.<\/p>\n<p>Puoi revocare in qualsiasi momento il consenso alla memorizzazione dei dati, dell&#8217;indirizzo e-mail e del loro utilizzo per l&#8217;invio della newsletter, ad esempio tramite il link &#8220;Annulla iscrizione&#8221; nella newsletter.<\/p>\n<h3>Google Analytics<\/h3>\n<p>Questo sito web utilizza le funzioni del servizio di analisi web Google Analytics. Il fornitore \u00e8 Google Inc., 1600 Amphitheatre Parkway Mountain View, CA 94043, USA.<\/p>\n<p>Google Analytics utilizza i cosiddetti &#8220;cookie&#8221;. Si tratta di file di testo che vengono memorizzati sul tuo computer e che consentono un&#8217;analisi del tuo utilizzo del sito web. Le informazioni generate dal cookie sull&#8217;utilizzo di questo sito web vengono solitamente trasmesse a un server di Google negli Stati Uniti e l\u00ec memorizzate.<\/p>\n<h3>Anonimizzazione IP<\/h3>\n<p>Abbiamo attivato la funzione di anonimizzazione IP su questo sito web. Ci\u00f2 significa che il tuo indirizzo IP verr\u00e0 abbreviato da Google all&#8217;interno degli stati membri dell&#8217;Unione Europea o in altri stati firmatari dell&#8217;accordo sullo Spazio Economico Europeo prima di essere trasmesso negli Stati Uniti. Solo in casi eccezionali l&#8217;indirizzo IP completo viene trasmesso a un server di Google negli Stati Uniti e l\u00ec abbreviato. Per conto del gestore di questo sito web, Google utilizzer\u00e0 queste informazioni per valutare il tuo utilizzo del sito web, per compilare report sulle attivit\u00e0 del sito web e per fornire altri servizi relativi alle attivit\u00e0 del sito web e all&#8217;utilizzo di Internet al gestore del sito web. L&#8217;indirizzo IP trasmesso dal tuo browser nell&#8217;ambito di Google Analytics non verr\u00e0 associato ad altri dati di Google.<\/p>\n<h3>Plugin del browser<\/h3>\n<p>Puoi impedire la memorizzazione dei cookie impostando opportunamente il software del tuo browser; tuttavia, ti facciamo presente che in questo caso potresti non essere in grado di utilizzare appieno tutte le funzioni di questo sito web. Puoi inoltre impedire il rilevamento dei dati generati dal cookie e relativi al tuo utilizzo del sito web (incluso il tuo indirizzo IP) da parte di Google e l&#8217;elaborazione di tali dati da parte di Google scaricando e installando il plugin del browser disponibile al seguente link: https:\/\/tools.google.com\/dlpage\/gaoptout?hl=it<\/p>\n<h3>Opposizione alla raccolta dei dati<\/h3>\n<p>Per impedire il rilevamento da parte di Universal Analytics su diversi dispositivi, \u00e8 necessario eseguire l&#8217;opt-out su tutti i sistemi utilizzati. Se clicchi qui, verr\u00e0 impostato il cookie di opt-out: Disattiva Google Analytics.<\/p>\n<p>Ulteriori informazioni sul trattamento dei dati degli utenti da parte di Google Analytics sono disponibili nell&#8217;informativa sulla privacy di Google: https:\/\/support.google.com\/analytics\/answer\/6004245?hl=en<\/p>\n<h3>Trattamento dei dati su commissione<\/h3>\n<p>Abbiamo stipulato un contratto con Google per il trattamento dei dati su commissione e attuiamo pienamente i severi requisiti delle autorit\u00e0 per la protezione dei dati nell&#8217;utilizzo di Google Analytics.<\/p>\n<h3>Caratteristiche demografiche in Google Analytics<\/h3>\n<p>Questo sito web utilizza la funzione \u201ccaratteristiche demografiche\u201d di Google Analytics. Ci\u00f2 consente di creare report che contengono informazioni sull&#8217;et\u00e0, il sesso e gli interessi dei visitatori del sito. Questi dati derivano dalla pubblicit\u00e0 basata sugli interessi di Google e dai dati dei visitatori di fornitori terzi. Questi dati non possono essere ricondotti a una persona specifica. \u00c8 possibile disattivare questa funzione in qualsiasi momento tramite le impostazioni degli annunci nel proprio account Google o vietare in generale la raccolta dei propri dati da parte di Google Analytics come descritto al punto \u201cOpposizione alla raccolta dei dati\u201d.<\/p>\n<p>Il nostro sito web utilizza plugin del sito YouTube gestito da Google. Il gestore delle pagine \u00e8 YouTube, LLC, 901 Cherry Ave., San Bruno, CA 94066, USA. Quando visiti una delle nostre pagine dotate di un plugin di YouTube, viene stabilita una connessione ai server di YouTube. In questo modo viene comunicato al server di YouTube quali delle nostre pagine hai visitato.<\/p>\n<p>Se hai effettuato l&#8217;accesso al tuo account YouTube, consenti a YouTube di associare il tuo comportamento di navigazione direttamente al tuo profilo personale. Puoi impedirlo uscendo dal tuo account YouTube.<\/p>\n<p>Ulteriori informazioni sul trattamento dei dati degli utenti sono disponibili nell&#8217;informativa sulla privacy di YouTube all&#8217;indirizzo: https:\/\/www.google.it\/intl\/it\/policies\/privacy<\/p>\n<h3>Crittografia SSL<\/h3>\n<p>Per motivi di sicurezza e per proteggere la trasmissione di contenuti riservati, come ad esempio le richieste che ci invii come gestore del sito, questo sito utilizza la crittografia SSL. Una connessione crittografata si riconosce dal fatto che la riga dell&#8217;indirizzo del browser cambia da &#8220;http:\/\/&#8221; a &#8220;https:\/\/&#8221; e dal simbolo del lucchetto nella riga del browser. Se la crittografia SSL \u00e8 attivata, i dati che ci trasmetti non possono essere letti da terzi.<\/p>\n<p>Diritto di accesso, cancellazione, blocco<\/p>\n<p>In linea di principio, l&#8217;utente ha il diritto di accesso, rettifica, cancellazione, limitazione, portabilit\u00e0 dei dati, revoca e opposizione. Se ritieni che il trattamento dei tuoi dati violi la legge sulla protezione dei dati o che i tuoi diritti in materia di protezione dei dati siano stati violati in qualsiasi altro modo, puoi proporre reclamo all&#8217;autorit\u00e0 di controllo.<\/p>\n<p>Puoi contattarci ai seguenti recapiti:<br \/>\n+39 348 2323585<br \/>\ninfo@skirentalresorts.com<\/p>\n<\/div><\/div><\/div><\/div><\/div>\n","protected":false},"excerpt":{"rendered":"","protected":false},"author":1,"featured_media":0,"parent":0,"menu_order":0,"comment_status":"closed","ping_status":"open","template":"100-width.php","meta":{"footnotes":""},"class_list":["post-1041","page","type-page","status-publish","hentry"],"_links":{"self":[{"href":"https:\/\/skirentalresorts.org\/it\/wp-json\/wp\/v2\/pages\/1041","targetHints":{"allow":["GET"]}}],"collection":[{"href":"https:\/\/skirentalresorts.org\/it\/wp-json\/wp\/v2\/pages"}],"about":[{"href":"https:\/\/skirentalresorts.org\/it\/wp-json\/wp\/v2\/types\/page"}],"author":[{"embeddable":true,"href":"https:\/\/skirentalresorts.org\/it\/wp-json\/wp\/v2\/users\/1"}],"replies":[{"embeddable":true,"href":"https:\/\/skirentalresorts.org\/it\/wp-json\/wp\/v2\/comments?post=1041"}],"version-history":[{"count":5,"href":"https:\/\/skirentalresorts.org\/it\/wp-json\/wp\/v2\/pages\/1041\/revisions"}],"predecessor-version":[{"id":1048,"href":"https:\/\/skirentalresorts.org\/it\/wp-json\/wp\/v2\/pages\/1041\/revisions\/1048"}],"wp:attachment":[{"href":"https:\/\/skirentalresorts.org\/it\/wp-json\/wp\/v2\/media?parent=1041"}],"curies":[{"name":"wp","href":"https:\/\/api.w.org\/{rel}","templated":true}]}}